{"id":163,"date":"2012-08-31T12:00:44","date_gmt":"2012-08-31T12:00:44","guid":{"rendered":"http:\/\/vereins-hosting.de\/?page_id=163"},"modified":"2016-04-11T10:14:57","modified_gmt":"2016-04-11T10:14:57","slug":"faq","status":"publish","type":"page","link":"https:\/\/vereins-hosting.de\/index.php\/faq\/","title":{"rendered":"Grundlegende Informationen"},"content":{"rendered":"<h1>H\u00e4ufig gestellte Fragen:<\/h1>\n<p>An dieser Stelle werden in Zukunft die wichtigsten Fragen beantwortet und weiterf\u00fchrende Informationen gegeben.<\/p>\n<p>&nbsp;<\/p>\n<p>Grundlegende Informationen:<\/p>\n<p>Wir haben uns bewusst f\u00fcr WordPress als CMS-System entschieden, da es zum Einen als sehr stabil gilt und zum Anderen unglaublich viele Plugins, Themes und Widgets daf\u00fcr gibt.<br \/>\nDadurch finden Sie auch im Internet viele Foren und weiterf\u00fchrende Informationen.<\/p>\n<p>&nbsp;<\/p>\n<h1>Infos zu Ihrem neuen Web-Auftritt.<\/h1>\n<p>Ihre Zugangsdaten werden Ihnen per Mail mitgeteilt.<\/p>\n<p>Sofern sie bereits eine Domain bei einem anderen Anbieter (z.B. SportOn) hosten, bekommen sie bis zum Umzug die M\u00f6glichkeit, Ihre Seiten \u00fcber einen getrennten Zugang zu bearbeiten. Auch diese Daten bekommen Sie per Mail mitgeteilt. Haben Sie die Seite fertiggestellt, teilen Sie uns mit, dass Sie umziehen m\u00f6chten und wir leiten alles n\u00f6tige in die Wege. Bitte beachten Sie, das der Umzug mehrere Tage dauern kann.<\/p>\n<p>Den <strong>Administrationsbereich<\/strong> finden Sie unter <span style=\"text-decoration: underline;\">WWW.IHREDOMAIN.DE\/<strong>wp-admin<\/strong><\/span>.<\/p>\n<p>Dort mit ihren Zugangsdaten anmelden. Bei dem Passwort bitte auf Gro\u00df- und Kleinschreibung achten!<\/p>\n<h1>Zugangspasswort \u00e4ndern:<\/h1>\n<p>Sie sollten ihr Zugangspasswort sofort \u00e4ndern.<\/p>\n<ol>\n<li>Im Men\u00fc links auf \u201eBenutzer\u201c klicken. Dort den Benutzer \u201eadmin\u201c ausw\u00e4hlen.<\/li>\n<li>Ganz unten auf der Seite kann man ein neues Kennwort vergeben.<\/li>\n<\/ol>\n<p><strong><span style=\"color: #ff0000;\">Bitte \u00e4ndern Sie ihr Passwort sofort und verwenden ein langes und sicheres Passwort!<\/span><\/strong><br \/>\nAuf Grund von h\u00e4ufigen Problemen mit zu schwachen Passworten werden wir Ihr Passwort bei Bedarf \u00e4ndern und Sie haben dann vor\u00fcbergehend keinen Zugriff auf Ihre Seite. Sie werden per Mail oder telefonisch \u00fcber das neue Passwort informiert.<\/p>\n<h1>Neue Seite anlegen:<\/h1>\n<ol>\n<li>Im Men\u00fc links den Punkt \u201eSeiten\u201c ausw\u00e4hlen.<\/li>\n<li>Ganz oben auf der Seite auf den Button \u201eErstellen\u201c dr\u00fccken.<\/li>\n<li>Im Editor den Text der neuen Seite eingeben. \u00dcber die Werkzeugleiste im oberen Bereich des Editors k\u00f6nnen Sie Schriftgr\u00f6\u00dfe, sowie Farbe f\u00fcr den gesamten, bzw. f\u00fcr einen Teil des Textes individuell einstellen.<\/li>\n<li>Bilder k\u00f6nnen sie \u00fcber den Punkt\u00a0 \u201eHochladen\/Einf\u00fcgen\u201c\u00a0 in ihre Seite einf\u00fcgen und individuell platzieren.<\/li>\n<li>F\u00fcr Bildergalerien verwenden sie die Schaltfl\u00e4che mit den zwei Bildern darauf. Einfach die Bildergalerie ausw\u00e4hlen und wie gewohnt platzieren.<\/li>\n<li>Auf der rechten Seite in dem \u201eVer\u00f6ffentlichen-Men\u00fc\u201c stehen verschiedene Buttons zur Auswahl. Ein Klick auf Speichern, speichert ihre Seite, diese kann aber noch nicht aufgerufen werden. <strong>Dazu ist ein Klick auf \u201ever\u00f6ffentlichen\u201c n\u00f6tig!<\/strong><\/li>\n<\/ol>\n<p>&nbsp;<\/p>\n<h1>Seite im Men\u00fc anzeigen:<\/h1>\n<ol>\n<li>Im Men\u00fc links auf \u201eDesign\u201c klicken.<\/li>\n<li>Im Untermen\u00fc finden Sie den Men\u00fcpunkt \u201eMen\u00fcs\u201c.<\/li>\n<li>Nun k\u00f6nnen Sie links im Bereich \u201eSeiten\u201c\u00a0 Ihre neu erstellte Seite ausw\u00e4hlen und \u00fcber die Schaltfl\u00e4che \u201eZum Men\u00fc hinzuf\u00fcgen\u201c dem Men\u00fc anh\u00e4ngen.<\/li>\n<li>Das Men\u00fc k\u00f6nnen Sie per Drag &amp; Drop nach Belieben anpassen.<\/li>\n<\/ol>\n<p>&nbsp;<\/p>\n<h1>Galerie hinzuf\u00fcgen:<\/h1>\n<ol>\n<li>Im Men\u00fc links auf \u201eGalerie\u201c klicken.<\/li>\n<li>Im Untermen\u00fcpunkt Galerie \/ Bilder hinzuf\u00fcgen k\u00f6nnen Sie im Reiter \u201eNeue Galerie erstellen\u201c eine neue Galerie anlegen.<\/li>\n<li>Im Reiter \u201c Bilder hochladen\u201c kann man nun alle hochzuladenden Bilder ausw\u00e4hlen und in die entsprechende Galerie einf\u00fcgen.<\/li>\n<\/ol>\n<p>&nbsp;<\/p>\n<h1>Themes installieren:<\/h1>\n<ol>\n<li>Im Men\u00fc links den Men\u00fcpunkt \u201eDesign\u201c ausw\u00e4hlen.<\/li>\n<li>Links den Men\u00fcpunkt \u201eThemes\u201c ausw\u00e4hlen.<\/li>\n<li>Dort ein Theme aussuchen und auf \u201eAktivieren\u201c klicken<\/li>\n<li>Kontrollieren Sie bei \u201eMen\u00fcs\u201c oben links, ob das Men\u00fc korrekt zugeordnet ist<\/li>\n<li><strong>EIGENE THEMES SUCHEN: <\/strong>bei den Suchoptionen muss die Option &#8222;Individuelles Men\u00fc&#8220; angehakt werden!<\/li>\n<\/ol>\n<p>&nbsp;<\/p>\n<h1>G\u00e4stebuch verwalten:<\/h1>\n<ol>\n<li>Im Men\u00fc links den Men\u00fcpunkt \u201eDMSGuestbook\u201c ausw\u00e4hlen.<\/li>\n<li>Nun den Link \u201eEintr\u00e4ge\u201c ausw\u00e4hlen.<\/li>\n<li>Hier sehen sie alle Beitr\u00e4ge und k\u00f6nnen diese l\u00f6schen oder ver\u00e4ndern.<\/li>\n<li>Die Grundeinstellungen des G\u00e4stebuches finden Sie links unter<br \/>\nDMSGuestbook und dann oben bei \u201eG\u00e4stebuch Einstellungen\u201c<\/li>\n<\/ol>\n<p>&nbsp;<\/p>\n<h1>Newsletter erstellen:<\/h1>\n<ol>\n<li>Im Men\u00fc links den Men\u00fcpunkt \u201eWysija\u201c ausw\u00e4hlen.<\/li>\n<li>Nun den Link \u201eNeuen Newsletter erstellen\u201c ausw\u00e4hlen.<\/li>\n<li>Newsletter individuell gestalten und versenden.<\/li>\n<\/ol>\n<p>&nbsp;<\/p>\n<h1>Bank-Links:<\/h1>\n<p>Die Links Ihres Homepagesponsors werden von einem Plugin eingeblendet. Unter &#8222;Plugins&#8220; k\u00f6nnen Sie dabei konfigurieren, ob die Werbebanner auf der linken oder rechten Seite eingeblendet werden sollen. Wir \u00fcberpr\u00fcfen in regelm\u00e4\u00dfigen Intervallen, ob das Plugin korrekt installiert ist. Falls das Plugin versehentlich gel\u00f6scht oder deaktiviert wurde, wird es automatisch wieder aktiviert. Dabei geht leider die Einstellung ob es links oder rechts angezeigt wird verloren. Bitte achten Sie also darauf, das sie es nicht deaktivieren. Es ist jedoch jederzeit m\u00f6glcih, die Einstellung wieder anzupassen.<\/p>\n<h1>Impressum:<\/h1>\n<p>Jeder Webseitenbesitzer hat die Pflicht ein Impressum zu erstellen. Wir haben f\u00fcr Sie bereits eine Impressumsvorlage angefertigt, welche von Ihnen noch individuell angepasst werden muss.<\/p>\n<p><strong><span style=\"color: #ff0000;\">Bitte beachten Sie, dass ein fehlendes, unvollst\u00e4ndiges oder falsches Impressum Abmahnungskosten in H\u00f6he von vielen tausend Euro nach sich ziehen kann!<\/span><\/strong><\/p>\n<h1>Notfall-Wiederherstellung:<\/h1>\n<p>Sollten ihre Webseite einmal nicht funktionieren, oder Sie m\u00f6chten einen alten Stand einspielen, so k\u00f6nnen Sie dies inzwischen bequem mit dem Plugin &#8222;Vereins-Backup&#8220; im Men\u00fc links\u00a0tun.<br \/>\n(fr\u00fcher unter dem Link: WWW.IHR-VEREIN.DE\/restore)<\/p>\n<h1>Plugins:<\/h1>\n<p>Das System gibt Ihnen die M\u00f6glichkeit nachtr\u00e4glich eines der derzeit \u00fcber 20.000 Plugins zu installieren. Dies ist einfach \u00fcber den Men\u00fcpunkt \u201ePlugins\u201c m\u00f6glich. Da es so viele Plugins gibt, ist unser Support auf die vorinstallierten Plugins beschr\u00e4nkt.<\/p>\n","protected":false},"excerpt":{"rendered":"<p>H\u00e4ufig gestellte Fragen: An dieser Stelle werden in Zukunft die wichtigsten Fragen beantwortet und weiterf\u00fchrende Informationen gegeben. &nbsp; Grundlegende Informationen: Wir haben uns bewusst f\u00fcr WordPress als CMS-System entschieden, da es zum Einen als sehr stabil gilt und zum Anderen &hellip; <a href=\"https:\/\/vereins-hosting.de\/index.php\/faq\/\"><br \/>Zu dieser Seite wechseln <span class=\"meta-nav\">&rarr;<\/span><\/a><\/p>\n","protected":false},"author":666666,"featured_media":0,"parent":0,"menu_order":0,"comment_status":"closed","ping_status":"closed","template":"","meta":{"footnotes":""},"class_list":["post-163","page","type-page","status-publish","hentry"],"_links":{"self":[{"href":"https:\/\/vereins-hosting.de\/index.php\/wp-json\/wp\/v2\/pages\/163","targetHints":{"allow":["GET"]}}],"collection":[{"href":"https:\/\/vereins-hosting.de\/index.php\/wp-json\/wp\/v2\/pages"}],"about":[{"href":"https:\/\/vereins-hosting.de\/index.php\/wp-json\/wp\/v2\/types\/page"}],"author":[{"embeddable":true,"href":"https:\/\/vereins-hosting.de\/index.php\/wp-json\/wp\/v2\/users\/666666"}],"replies":[{"embeddable":true,"href":"https:\/\/vereins-hosting.de\/index.php\/wp-json\/wp\/v2\/comments?post=163"}],"version-history":[{"count":0,"href":"https:\/\/vereins-hosting.de\/index.php\/wp-json\/wp\/v2\/pages\/163\/revisions"}],"wp:attachment":[{"href":"https:\/\/vereins-hosting.de\/index.php\/wp-json\/wp\/v2\/media?parent=163"}],"curies":[{"name":"wp","href":"https:\/\/api.w.org\/{rel}","templated":true}]}}