{"id":321,"date":"2014-02-04T13:19:24","date_gmt":"2014-02-04T13:19:24","guid":{"rendered":"http:\/\/vereins-hosting.de\/?page_id=321"},"modified":"2020-03-10T11:31:34","modified_gmt":"2020-03-10T11:31:34","slug":"details","status":"publish","type":"page","link":"https:\/\/vereins-hosting.de\/","title":{"rendered":"Herzlich Willkommen"},"content":{"rendered":"<h3 style=\"text-align: left;\"><strong>Vereine hosten als Sponsoring.<\/strong><\/h3>\n<p>Wir bieten Ihren Vereinen die M\u00f6glichkeit, sich eine eigene Homepage einzurichten, in der sie freie Hand zur Gestaltung und Darstellung ihrer Inhalte haben.<\/p>\n<p><img loading=\"lazy\" decoding=\"async\" class=\"wp-image-288 alignright\" src=\"http:\/\/vereins-hosting.de\/wp-content\/uploads\/2014\/01\/Pruefung.jpg\" alt=\"Pruefung\" width=\"273\" height=\"410\" srcset=\"https:\/\/vereins-hosting.de\/wp-content\/uploads\/2014\/01\/Pruefung.jpg 426w, https:\/\/vereins-hosting.de\/wp-content\/uploads\/2014\/01\/Pruefung-199x300.jpg 199w\" sizes=\"auto, (max-width: 273px) 100vw, 273px\" \/><\/p>\n<p>In diesem Rahmen bieten wir mehr als nur Hosting. Gerade kleine Vereine haben oft Schwierigkeiten mit dem Erstellen von eigenen Webseiten. Der Verein kann auf ein fertig installiertes und konfiguriertes WordPress zugreifen, zu dem es tausende von zus\u00e4tzlichen Modulen und Plugins gibt. Es ist keine weitere Konfiguration n\u00f6tig. Alle Datenbankeintr\u00e4ge, Installationen und \u00e4hnliches sind von uns bereits vorgenommen, und der Verein kann direkt mit der Gestaltung der Webseite beginnen. Ebenso gibt es keine Limitierungen innerhalb von WordPress.<\/p>\n<p>Ein Verein kann sich au\u00dferdem auf unserem neuen Webmail-Frontend beliebig viele E-Mail Adressen selbst einrichten und verwalten. Hierbei sind Weiterleitungen auf bestehende Adressen genau so m\u00f6glich wie das Abrufen \u00fcber Weboberfl\u00e4che oder eigenst\u00e4ndiges Mailprogramm (POP + IMAP)<\/p>\n<p>Unsere zus\u00e4tzlichen Dienstleistungen gehen weit \u00fcber das \u00fcbliche Webhosting hinaus:<\/p>\n<ul>\n<li>Eigene Mailadressen erstellbar<\/li>\n<li>Regelm\u00e4\u00dfige Backups<br \/>\n(Eigenes WordPress-Plugin, welches bei \u00c4nderungen selbstst\u00e4ndig Backups erstellt)<\/li>\n<li>Kompetente telefonische Hotline<\/li>\n<li>Kostenloses Einf\u00fchrungsseminar f\u00fcr WordPress<\/li>\n<li>Rabatte auf viele Seminare zum Thema Webdesign bei der EDV-Schule Heil<\/li>\n<li>Unterst\u00fctzung bei der Erstellung eines Shopsystems f\u00fcr Fanartikel<\/li>\n<li>Erstellen der kompletten Webseite schon bevor die Domain online geht<\/li>\n<li>Demozug\u00e4nge<\/li>\n<\/ul>\n<p>&nbsp;<\/p>\n","protected":false},"excerpt":{"rendered":"<p>Vereine hosten als Sponsoring. Wir bieten Ihren Vereinen die M\u00f6glichkeit, sich eine eigene Homepage einzurichten, in der sie freie Hand zur Gestaltung und Darstellung ihrer Inhalte haben. In diesem Rahmen bieten wir mehr als nur Hosting. Gerade kleine Vereine haben &hellip; <a href=\"https:\/\/vereins-hosting.de\/\"><br \/>Zu dieser Seite wechseln <span class=\"meta-nav\">&rarr;<\/span><\/a><\/p>\n","protected":false},"author":666666,"featured_media":0,"parent":0,"menu_order":0,"comment_status":"closed","ping_status":"closed","template":"","meta":{"footnotes":""},"class_list":["post-321","page","type-page","status-publish","hentry"],"_links":{"self":[{"href":"https:\/\/vereins-hosting.de\/index.php\/wp-json\/wp\/v2\/pages\/321","targetHints":{"allow":["GET"]}}],"collection":[{"href":"https:\/\/vereins-hosting.de\/index.php\/wp-json\/wp\/v2\/pages"}],"about":[{"href":"https:\/\/vereins-hosting.de\/index.php\/wp-json\/wp\/v2\/types\/page"}],"author":[{"embeddable":true,"href":"https:\/\/vereins-hosting.de\/index.php\/wp-json\/wp\/v2\/users\/666666"}],"replies":[{"embeddable":true,"href":"https:\/\/vereins-hosting.de\/index.php\/wp-json\/wp\/v2\/comments?post=321"}],"version-history":[{"count":0,"href":"https:\/\/vereins-hosting.de\/index.php\/wp-json\/wp\/v2\/pages\/321\/revisions"}],"wp:attachment":[{"href":"https:\/\/vereins-hosting.de\/index.php\/wp-json\/wp\/v2\/media?parent=321"}],"curies":[{"name":"wp","href":"https:\/\/api.w.org\/{rel}","templated":true}]}}