{"id":384,"date":"2015-03-12T09:36:45","date_gmt":"2015-03-12T09:36:45","guid":{"rendered":"http:\/\/vereins-hosting.de\/?page_id=384"},"modified":"2016-04-11T10:16:23","modified_gmt":"2016-04-11T10:16:23","slug":"links-einfuegen","status":"publish","type":"page","link":"https:\/\/vereins-hosting.de\/index.php\/links-einfuegen\/","title":{"rendered":"Links einf\u00fcgen"},"content":{"rendered":"<p>In vielen Programmen werden Links automatisch erkannt und via Hyperlink eingeflochten. Da Links im Internet allerdings mehr k\u00f6nnen als innerhalb eines Word Dokumentes ist \u00a0es in WordPress n\u00f6tig diese von Hand einzuf\u00fcgen. Eine Anleitung finden sie hier:<\/p>\n<p>1. Einloggen in den Admin-Bereich unter Ihrverein.de\/wp-admin<br \/>\n2. Auf den Bereich &#8222;Seiten&#8220; gehen, gew\u00fcnschte Ziel-Seite aussuchen und bearbeiten<br \/>\n3. Gew\u00fcnschten Text platzieren wie im nachfolgenden Bild zu sehen:<\/p>\n<p><img loading=\"lazy\" decoding=\"async\" class=\" size-full wp-image-392 alignleft\" src=\"http:\/\/vereins-hosting.de\/wp-content\/uploads\/2015\/03\/links-einfuegen1.png\" alt=\"Links einf\u00fcgen1\" width=\"1336\" height=\"522\" srcset=\"https:\/\/vereins-hosting.de\/wp-content\/uploads\/2015\/03\/links-einfuegen1.png 1336w, https:\/\/vereins-hosting.de\/wp-content\/uploads\/2015\/03\/links-einfuegen1-300x117.png 300w, https:\/\/vereins-hosting.de\/wp-content\/uploads\/2015\/03\/links-einfuegen1-1024x400.png 1024w, https:\/\/vereins-hosting.de\/wp-content\/uploads\/2015\/03\/links-einfuegen1-600x234.png 600w\" sizes=\"auto, (max-width: 1336px) 100vw, 1336px\" \/><\/p>\n<p>4. Anschlie\u00dfend den Text der zum Link werden soll markieren und danach den Button &#8222;Link einf\u00fcgen\/\u00e4ndern&#8220; anklicken. (Siehe nachfolgendes Bild)<\/p>\n<p><img loading=\"lazy\" decoding=\"async\" class=\" size-full wp-image-391 alignleft\" src=\"http:\/\/vereins-hosting.de\/wp-content\/uploads\/2015\/03\/links-einfuegen2.png\" alt=\"Links einf\u00fcgen2\" width=\"1338\" height=\"514\" srcset=\"https:\/\/vereins-hosting.de\/wp-content\/uploads\/2015\/03\/links-einfuegen2.png 1338w, https:\/\/vereins-hosting.de\/wp-content\/uploads\/2015\/03\/links-einfuegen2-300x115.png 300w, https:\/\/vereins-hosting.de\/wp-content\/uploads\/2015\/03\/links-einfuegen2-1024x393.png 1024w, https:\/\/vereins-hosting.de\/wp-content\/uploads\/2015\/03\/links-einfuegen2-600x230.png 600w\" sizes=\"auto, (max-width: 1338px) 100vw, 1338px\" \/><\/p>\n<p>5. Nun \u00f6ffnet sich eine Eingabeoberfl\u00e4che in der URL (Das ist der gew\u00fcnscht Link) und Titel eingegeben werden k\u00f6nnen (Siehe nachfolgendes Bild)<\/p>\n<p><img loading=\"lazy\" decoding=\"async\" class=\" size-full wp-image-390 alignleft\" src=\"http:\/\/vereins-hosting.de\/wp-content\/uploads\/2015\/03\/links-einfuegen3.png\" alt=\"Links einf\u00fcgen3\" width=\"1378\" height=\"907\" srcset=\"https:\/\/vereins-hosting.de\/wp-content\/uploads\/2015\/03\/links-einfuegen3.png 1378w, https:\/\/vereins-hosting.de\/wp-content\/uploads\/2015\/03\/links-einfuegen3-300x197.png 300w, https:\/\/vereins-hosting.de\/wp-content\/uploads\/2015\/03\/links-einfuegen3-1024x674.png 1024w, https:\/\/vereins-hosting.de\/wp-content\/uploads\/2015\/03\/links-einfuegen3-600x395.png 600w\" sizes=\"auto, (max-width: 1378px) 100vw, 1378px\" \/><\/p>\n<p>6. Nach Eingabe der Daten und dem anklicken auf \u201eLink Hinzuf\u00fcgen\u201c wird nun der Link \u00a0in den Text eingeflochten. Nach dem aktualisieren der Seite sollte dieser nun jedem zur Verf\u00fcgung stehen (Siehe nachfolgendes Bild).\u00a0\u00a0<img loading=\"lazy\" decoding=\"async\" class=\" size-full wp-image-389 alignleft\" src=\"http:\/\/vereins-hosting.de\/wp-content\/uploads\/2015\/03\/links-einfuegen.png\" alt=\"Links einf\u00fcgen\" width=\"807\" height=\"411\" srcset=\"https:\/\/vereins-hosting.de\/wp-content\/uploads\/2015\/03\/links-einfuegen.png 807w, https:\/\/vereins-hosting.de\/wp-content\/uploads\/2015\/03\/links-einfuegen-300x153.png 300w, https:\/\/vereins-hosting.de\/wp-content\/uploads\/2015\/03\/links-einfuegen-600x306.png 600w\" sizes=\"auto, (max-width: 807px) 100vw, 807px\" \/><\/p>\n","protected":false},"excerpt":{"rendered":"<p>In vielen Programmen werden Links automatisch erkannt und via Hyperlink eingeflochten. Da Links im Internet allerdings mehr k\u00f6nnen als innerhalb eines Word Dokumentes ist \u00a0es in WordPress n\u00f6tig diese von Hand einzuf\u00fcgen. Eine Anleitung finden sie hier: 1. Einloggen in &hellip; <a href=\"https:\/\/vereins-hosting.de\/index.php\/links-einfuegen\/\"><br \/>Zu dieser Seite wechseln <span class=\"meta-nav\">&rarr;<\/span><\/a><\/p>\n","protected":false},"author":666666,"featured_media":0,"parent":0,"menu_order":0,"comment_status":"closed","ping_status":"closed","template":"","meta":{"footnotes":""},"class_list":["post-384","page","type-page","status-publish","hentry"],"_links":{"self":[{"href":"https:\/\/vereins-hosting.de\/index.php\/wp-json\/wp\/v2\/pages\/384","targetHints":{"allow":["GET"]}}],"collection":[{"href":"https:\/\/vereins-hosting.de\/index.php\/wp-json\/wp\/v2\/pages"}],"about":[{"href":"https:\/\/vereins-hosting.de\/index.php\/wp-json\/wp\/v2\/types\/page"}],"author":[{"embeddable":true,"href":"https:\/\/vereins-hosting.de\/index.php\/wp-json\/wp\/v2\/users\/666666"}],"replies":[{"embeddable":true,"href":"https:\/\/vereins-hosting.de\/index.php\/wp-json\/wp\/v2\/comments?post=384"}],"version-history":[{"count":0,"href":"https:\/\/vereins-hosting.de\/index.php\/wp-json\/wp\/v2\/pages\/384\/revisions"}],"wp:attachment":[{"href":"https:\/\/vereins-hosting.de\/index.php\/wp-json\/wp\/v2\/media?parent=384"}],"curies":[{"name":"wp","href":"https:\/\/api.w.org\/{rel}","templated":true}]}}