{"id":408,"date":"2015-04-17T10:53:21","date_gmt":"2015-04-17T10:53:21","guid":{"rendered":"http:\/\/vereins-hosting.de\/?page_id=408"},"modified":"2016-04-11T10:14:34","modified_gmt":"2016-04-11T10:14:34","slug":"darstellungsprobleme-bei-themesdesigns","status":"publish","type":"page","link":"https:\/\/vereins-hosting.de\/index.php\/darstellungsprobleme-bei-themesdesigns\/","title":{"rendered":"Darstellungsprobleme bei Themes\/Designs (PC&#038;Handy)"},"content":{"rendered":"<p><strong>Das Men\u00fc wird nur wei\u00df\/\u00fcberhaupt nicht angezeigt oder anderweitige Anzeigefehler treten auf?<\/strong><\/p>\n<p>Dies liegt oftmals daran, dass bestimmte Designs\/Themes nicht \u00a0Abw\u00e4rts kompatibel mit der von ihnen verwendeten Browser-Version sind.<\/p>\n<p>Hierf\u00fcr gibt es 2 L\u00f6sungsans\u00e4tze:<\/p>\n<p>1. Sie pr\u00fcfen zum Beispiel mit \u00a0<a title=\"Browserstack\" href=\"http:\/\/www.browserstack.com\/screenshots\" target=\"_blank\">Browserstack<\/a>\u00a0oder \u00e4hnlichen Seiten, ob eine Abw\u00e4rtskompatibilit\u00e4t des Designs\/Themes weitreichend f\u00fcr ihre Vereinsmitglieder gew\u00e4hrleistet ist:<\/p>\n<p>Dies k\u00f6nnen sie \u00fcberpr\u00fcfen, indem Sie das Design auf Ihre Seite anwenden\u00a0und auf\u00a0<a title=\"Browserstack\" href=\"http:\/\/www.browserstack.com\/screenshots\" target=\"_blank\">Browserstack<\/a>\u00a0dann ihre Vereins-URL angeben.<br \/>\nBrowserstack stellt ihnen dort alle Browser mit vielen verschiedenen Versionsnummern zur Verf\u00fcgung um ihre Seite ausreichend auf optische Fehler unter alten Browsern zu pr\u00fcfen.<br \/>\nNach dem Eingeben der URL, ausw\u00e4hlen der Browser-Versionen und der Best\u00e4tigung auf &#8222;Generate Screenshots&#8220;\u00a0 stellt ihnen Browserstack von allen ausgew\u00e4hlten Versionen Screenshots zur Verf\u00fcgung.<br \/>\nAuf diesen Screenshots k\u00f6nnen sie in der Regel optische Makel direkt erkennen und wissen in wie weit das Design\/Theme dann inkompatibel\/kompatibel sein wird.<\/p>\n<p>oder<\/p>\n<p>2. Sie bitten ihre Mitglieder immer die neuste Browser-Version zu verwenden und regelm\u00e4\u00dfig Updates durchzuf\u00fchren.<\/p>\n","protected":false},"excerpt":{"rendered":"<p>Das Men\u00fc wird nur wei\u00df\/\u00fcberhaupt nicht angezeigt oder anderweitige Anzeigefehler treten auf? Dies liegt oftmals daran, dass bestimmte Designs\/Themes nicht \u00a0Abw\u00e4rts kompatibel mit der von ihnen verwendeten Browser-Version sind. Hierf\u00fcr gibt es 2 L\u00f6sungsans\u00e4tze: 1. Sie pr\u00fcfen zum Beispiel mit &hellip; <a href=\"https:\/\/vereins-hosting.de\/index.php\/darstellungsprobleme-bei-themesdesigns\/\"><br \/>Zu dieser Seite wechseln <span class=\"meta-nav\">&rarr;<\/span><\/a><\/p>\n","protected":false},"author":666666,"featured_media":0,"parent":0,"menu_order":0,"comment_status":"closed","ping_status":"closed","template":"","meta":{"footnotes":""},"class_list":["post-408","page","type-page","status-publish","hentry"],"_links":{"self":[{"href":"https:\/\/vereins-hosting.de\/index.php\/wp-json\/wp\/v2\/pages\/408","targetHints":{"allow":["GET"]}}],"collection":[{"href":"https:\/\/vereins-hosting.de\/index.php\/wp-json\/wp\/v2\/pages"}],"about":[{"href":"https:\/\/vereins-hosting.de\/index.php\/wp-json\/wp\/v2\/types\/page"}],"author":[{"embeddable":true,"href":"https:\/\/vereins-hosting.de\/index.php\/wp-json\/wp\/v2\/users\/666666"}],"replies":[{"embeddable":true,"href":"https:\/\/vereins-hosting.de\/index.php\/wp-json\/wp\/v2\/comments?post=408"}],"version-history":[{"count":0,"href":"https:\/\/vereins-hosting.de\/index.php\/wp-json\/wp\/v2\/pages\/408\/revisions"}],"wp:attachment":[{"href":"https:\/\/vereins-hosting.de\/index.php\/wp-json\/wp\/v2\/media?parent=408"}],"curies":[{"name":"wp","href":"https:\/\/api.w.org\/{rel}","templated":true}]}}