{"id":419,"date":"2015-04-19T21:19:27","date_gmt":"2015-04-19T21:19:27","guid":{"rendered":"http:\/\/vereins-hosting.de\/?page_id=419"},"modified":"2016-04-11T10:17:09","modified_gmt":"2016-04-11T10:17:09","slug":"updates","status":"publish","type":"page","link":"https:\/\/vereins-hosting.de\/index.php\/updates\/","title":{"rendered":"Updates"},"content":{"rendered":"<p>Bei vielen Vereinen sind \u00a0durch veraltete WordPress- oder Plugin Versionen schwerwiegende Sicherheitsl\u00fccken entstanden und massive Performance-Probleme aufgetreten.<\/p>\n<p>Sollten wir in Zukunft stark veraltete WordPress Versionen, Plugins oder Themes finden, werden wir diese ohne weitere Information an Sie auf den neusten Stand bringen. Das kann zur Folge haben, dass Ihre Seite m\u00f6glicherweise ein anderes Verhalten aufweist, je nach Art des Updates.<\/p>\n<p>Durch Updates k\u00f6nnen manchmal auch negative Effekte entstehen, auf die wir leider keinen Einfluss haben! Zum Beispiel werden manche Plugins nicht mehr in die deutsche Sprache \u00fcbersetzt und stehen nach dem Update nur noch in Englisch zur Verf\u00fcgung. Manche Programmaktualisierungen \u00e4ndern auch Funktionalit\u00e4ten. Zum Beispiel das Plugin f\u00fcr Formulare: Hier werden nur noch Adressen f\u00fcr das lokale Postfach akzeptiert. Aus Sicherheitsgr\u00fcnden ist das z.B. sehr sinnvoll.<\/p>\n<p><span style=\"text-decoration: underline;\">Spielen Sie die Updates deshalb am besten selbst ein und testen Sie ob die Seiten noch wie gewohnt funktionieren.<\/span><\/p>\n<p>Wir bitten Sie, in Zukunft immer ein Auge auf die aktuellen Versionen von WordPress und auf die Plugins zu werfen, da mit neueren Versionen viele Sicherheitsl\u00fccken geschlossen werden k\u00f6nnen.<\/p>\n<p>Wenn Updates verf\u00fcgbar sind, wird dies in der WP-Admin Oberfl\u00e4che angezeigt.<\/p>\n<p>Wir m\u00f6chten an dieser Stelle noch einmal ausdr\u00fccklich betonen, dass wir keinen Einfluss auf die aktuell \u00fcber ~30.000 Programmierer haben, die solche Plugins zur Verf\u00fcgung stellen!<\/p>\n<p>Wir helfen Ihnen jedoch gerne bei Problemen. Rufen Sie uns bei Fragen gerne an!<\/p>\n","protected":false},"excerpt":{"rendered":"<p>Bei vielen Vereinen sind \u00a0durch veraltete WordPress- oder Plugin Versionen schwerwiegende Sicherheitsl\u00fccken entstanden und massive Performance-Probleme aufgetreten. Sollten wir in Zukunft stark veraltete WordPress Versionen, Plugins oder Themes finden, werden wir diese ohne weitere Information an Sie auf den neusten &hellip; <a href=\"https:\/\/vereins-hosting.de\/index.php\/updates\/\"><br \/>Zu dieser Seite wechseln <span class=\"meta-nav\">&rarr;<\/span><\/a><\/p>\n","protected":false},"author":666666,"featured_media":0,"parent":0,"menu_order":0,"comment_status":"closed","ping_status":"closed","template":"","meta":{"footnotes":""},"class_list":["post-419","page","type-page","status-publish","hentry"],"_links":{"self":[{"href":"https:\/\/vereins-hosting.de\/index.php\/wp-json\/wp\/v2\/pages\/419","targetHints":{"allow":["GET"]}}],"collection":[{"href":"https:\/\/vereins-hosting.de\/index.php\/wp-json\/wp\/v2\/pages"}],"about":[{"href":"https:\/\/vereins-hosting.de\/index.php\/wp-json\/wp\/v2\/types\/page"}],"author":[{"embeddable":true,"href":"https:\/\/vereins-hosting.de\/index.php\/wp-json\/wp\/v2\/users\/666666"}],"replies":[{"embeddable":true,"href":"https:\/\/vereins-hosting.de\/index.php\/wp-json\/wp\/v2\/comments?post=419"}],"version-history":[{"count":0,"href":"https:\/\/vereins-hosting.de\/index.php\/wp-json\/wp\/v2\/pages\/419\/revisions"}],"wp:attachment":[{"href":"https:\/\/vereins-hosting.de\/index.php\/wp-json\/wp\/v2\/media?parent=419"}],"curies":[{"name":"wp","href":"https:\/\/api.w.org\/{rel}","templated":true}]}}