{"id":465,"date":"2021-08-17T14:31:20","date_gmt":"2021-08-17T14:31:20","guid":{"rendered":"https:\/\/vereins-hosting.de\/?page_id=465"},"modified":"2023-11-13T11:10:47","modified_gmt":"2023-11-13T11:10:47","slug":"elementor","status":"publish","type":"page","link":"https:\/\/vereins-hosting.de\/index.php\/elementor\/","title":{"rendered":"Elementor"},"content":{"rendered":"\n<p><strong>Wichtige <\/strong>Information zu dem WordPress Plugin Elementor:<\/p>\n\n\n\n<p>Wir raten dringend von der Verwendung dieses Plugins ab!<\/p>\n\n\n\n<p>Der Umstieg von Elementor zur\u00fcck auf das normale WordPress ist NICHT mehr m\u00f6glich!<br>Nein, da k\u00f6nnen wir auch nicht helfen.<\/p>\n\n\n\n<p>Elementor ist zu ganz vielen Plugins nicht kompatibel!<\/p>\n\n\n\n<p>Ein Umzug von Elementor-basierten Seiten macht grunds\u00e4tzlich Probleme und ist mit den \u00fcblichen Tools meist nicht m\u00f6glich!<\/p>\n\n\n\n<p>Elementor wird von vielen Betreibern als unsicher eingestuft, obwohl es angeblich viele Sicherheitsfeatures enth\u00e4lt.<\/p>\n","protected":false},"excerpt":{"rendered":"<p>Wichtige Information zu dem WordPress Plugin Elementor: Wir raten dringend von der Verwendung dieses Plugins ab! Der Umstieg von Elementor zur\u00fcck auf das normale WordPress ist NICHT mehr m\u00f6glich!Nein, da k\u00f6nnen wir auch nicht helfen. Elementor ist zu ganz vielen &hellip; <a href=\"https:\/\/vereins-hosting.de\/index.php\/elementor\/\"><br \/>Zu dieser Seite wechseln <span class=\"meta-nav\">&rarr;<\/span><\/a><\/p>\n","protected":false},"author":666666,"featured_media":0,"parent":0,"menu_order":0,"comment_status":"closed","ping_status":"closed","template":"","meta":{"footnotes":""},"class_list":["post-465","page","type-page","status-publish","hentry"],"_links":{"self":[{"href":"https:\/\/vereins-hosting.de\/index.php\/wp-json\/wp\/v2\/pages\/465","targetHints":{"allow":["GET"]}}],"collection":[{"href":"https:\/\/vereins-hosting.de\/index.php\/wp-json\/wp\/v2\/pages"}],"about":[{"href":"https:\/\/vereins-hosting.de\/index.php\/wp-json\/wp\/v2\/types\/page"}],"author":[{"embeddable":true,"href":"https:\/\/vereins-hosting.de\/index.php\/wp-json\/wp\/v2\/users\/666666"}],"replies":[{"embeddable":true,"href":"https:\/\/vereins-hosting.de\/index.php\/wp-json\/wp\/v2\/comments?post=465"}],"version-history":[{"count":0,"href":"https:\/\/vereins-hosting.de\/index.php\/wp-json\/wp\/v2\/pages\/465\/revisions"}],"wp:attachment":[{"href":"https:\/\/vereins-hosting.de\/index.php\/wp-json\/wp\/v2\/media?parent=465"}],"curies":[{"name":"wp","href":"https:\/\/api.w.org\/{rel}","templated":true}]}}